{"id":358,"date":"2026-03-11T18:26:47","date_gmt":"2026-03-11T17:26:47","guid":{"rendered":"https:\/\/manchovilla.com\/?page_id=358"},"modified":"2026-03-11T18:26:49","modified_gmt":"2026-03-11T17:26:49","slug":"accesibilidad","status":"publish","type":"page","link":"https:\/\/manchovilla.com\/en\/accesibilidad\/","title":{"rendered":"Accesibilidad"},"content":{"rendered":"<p>Mancho Villa se ha comprometido a hacer accesible la p\u00e1gina web de conformidad con el Real Decreto 1112\/2018, de 7 de septiembre, sobre accesibilidad de los sitios web y aplicaciones para dispositivos m\u00f3viles del sector p\u00fablico.<\/p>\n\n\n\n<p><strong>1. SITUACI\u00d3N DE CUMPLIMIENTO<\/strong><\/p>\n\n\n\n<p>Este sitio web es parcialmente conforme con el Real Decreto 1112\/2018 debido a las excepciones y la falta de conformidad de algunos aspectos, que se detallan a continuaci\u00f3n.<\/p>\n\n\n\n<p><strong>1.1. Contenido no accesible<\/strong><\/p>\n\n\n\n<p>El contenido que se indica a continuaci\u00f3n no es accesible por las siguientes razones:<\/p>\n\n\n\n<ul class=\"wp-block-list\">\n<li><strong>Falta de conformidad con el Real Decreto 1112\/2018:<\/strong>\n<ul class=\"wp-block-list\">\n<li>Pueden existir errores puntuales de edici\u00f3n en alguna p\u00e1gina web.<\/li>\n\n\n\n<li>Im\u00e1genes sin texto alternativo adecuado.<\/li>\n\n\n\n<li>Documentos en formato PDF u otros formatos ofim\u00e1ticos no accesibles.<\/li>\n\n\n\n<li>Algunos v\u00eddeos pueden no disponer de subt\u00edtulos.<\/li>\n<\/ul>\n<\/li>\n\n\n\n<li><strong>Carga desproporcionada:<\/strong>\n<ul class=\"wp-block-list\">\n<li>Podr\u00edan existir archivos multimedia de gran antig\u00fcedad que no cuenten con subt\u00edtulos o transcripciones.<\/li>\n<\/ul>\n<\/li>\n\n\n\n<li><strong>Contenido que no entra dentro del \u00e1mbito de la legislaci\u00f3n aplicable:<\/strong>\n<ul class=\"wp-block-list\">\n<li>Contenidos de terceros no financiados ni desarrollados por esta entidad, ni bajo su control.<\/li>\n<\/ul>\n<\/li>\n<\/ul>\n\n\n\n<p><strong>2. PREPARACI\u00d3N DE ESTA DECLARACI\u00d3N DE ACCESIBILIDAD<\/strong><\/p>\n\n\n\n<p>Esta declaraci\u00f3n fue preparada el 25\/03\/2025 mediante una autoevaluaci\u00f3n llevada a cabo por la propia empresa.<\/p>\n\n\n\n<p><strong>3. OBSERVACIONES Y DATOS DE CONTACTO<\/strong><\/p>\n\n\n\n<p>Si detecta alguna barrera de accesibilidad o desea comunicar cualquier otra consulta o sugerencia, puede hacerlo a trav\u00e9s del correo electr\u00f3nico info@manchovilla.com.<\/p>\n\n\n\n<p>Puede presentar:<\/p>\n\n\n\n<ul class=\"wp-block-list\">\n<li>Una queja relativa al cumplimiento de los requisitos del Real Decreto 1112\/2018.<\/li>\n\n\n\n<li>Una solicitud de informaci\u00f3n accesible relativa a:\n<ul class=\"wp-block-list\">\n<li>Contenidos que est\u00e1n excluidos del \u00e1mbito de aplicaci\u00f3n de la normativa.<\/li>\n\n\n\n<li>Contenidos exentos por carga desproporcionada.<\/li>\n<\/ul>\n<\/li>\n<\/ul>\n\n\n\n<p>Las comunicaciones ser\u00e1n recibidas y gestionadas por Mancho Villa.<\/p>","protected":false},"excerpt":{"rendered":"<p>Mancho Villa se ha comprometido a hacer accesible la p\u00e1gina web de conformidad con el Real Decreto 1112\/2018, de 7 de septiembre, sobre accesibilidad de los sitios web y aplicaciones para dispositivos m\u00f3viles del sector p\u00fablico. 1. SITUACI\u00d3N DE CUMPLIMIENTO Este sitio web es parcialmente conforme con el Real Decreto 1112\/2018 debido a las excepciones [&hellip;]<\/p>\n","protected":false},"author":1,"featured_media":0,"parent":0,"menu_order":0,"comment_status":"closed","ping_status":"closed","template":"","meta":{"footnotes":""},"class_list":["post-358","page","type-page","status-publish","hentry"],"_links":{"self":[{"href":"https:\/\/manchovilla.com\/en\/wp-json\/wp\/v2\/pages\/358","targetHints":{"allow":["GET"]}}],"collection":[{"href":"https:\/\/manchovilla.com\/en\/wp-json\/wp\/v2\/pages"}],"about":[{"href":"https:\/\/manchovilla.com\/en\/wp-json\/wp\/v2\/types\/page"}],"author":[{"embeddable":true,"href":"https:\/\/manchovilla.com\/en\/wp-json\/wp\/v2\/users\/1"}],"replies":[{"embeddable":true,"href":"https:\/\/manchovilla.com\/en\/wp-json\/wp\/v2\/comments?post=358"}],"version-history":[{"count":1,"href":"https:\/\/manchovilla.com\/en\/wp-json\/wp\/v2\/pages\/358\/revisions"}],"predecessor-version":[{"id":359,"href":"https:\/\/manchovilla.com\/en\/wp-json\/wp\/v2\/pages\/358\/revisions\/359"}],"wp:attachment":[{"href":"https:\/\/manchovilla.com\/en\/wp-json\/wp\/v2\/media?parent=358"}],"curies":[{"name":"wp","href":"https:\/\/api.w.org\/{rel}","templated":true}]}}