{"id":356,"date":"2026-03-11T18:26:06","date_gmt":"2026-03-11T17:26:06","guid":{"rendered":"https:\/\/manchovilla.com\/?page_id=356"},"modified":"2026-03-11T18:26:08","modified_gmt":"2026-03-11T17:26:08","slug":"cookies","status":"publish","type":"page","link":"https:\/\/manchovilla.com\/en\/cookies\/","title":{"rendered":"Cookies"},"content":{"rendered":"<p>Las cookies son peque\u00f1os archivos de informaci\u00f3n que se env\u00edan y almacenan en el equipo desde el que accede a nuestra web (tel\u00e9fono m\u00f3vil, ordenador personal, tableta o televisi\u00f3n conectada) facilitando el uso de la misma. Para ofrecerle un mejor servicio, esta web utiliza cookies. Llegar a Casa S.L. emplea tanto cookies propias como de terceros que nos ayudan a mejorar la calidad permiti\u00e9ndonos comparar, recordar, controlar y entender como navegan nuestros usuarios a trav\u00e9s de la web, identificando qu\u00e9 es lo que los usuarios encuentran \u00fatil y lo que no y poder as\u00ed, mejorar el proceso de navegaci\u00f3n.<\/p>\n\n\n\n<p>Las cookies que utiliza la web no da\u00f1an tu equipo. \u00danicamente sirven para mejorar los servicios ofrecidos. Algunas son estrictamente necesarias para que la p\u00e1gina funcione bien (t\u00e9cnicas y de personalizaci\u00f3n) y otras sirven para mejorar el rendimiento y experiencia como usuario (an\u00e1lisis, publicitarias y de publicidad comportamental). Tiene la opci\u00f3n de permitir, bloquear o eliminar las cookies instaladas en tu equipo mediante la configuraci\u00f3n de las opciones del navegador instalado en su equipo. Al desactivar cookies, algunos de los servicios disponibles podr\u00edan dejar de estar operativos. La forma de deshabilitar las cookies es diferente para cada navegador, pero normalmente puede hacerse desde el men\u00fa de herramientas u opciones. Tambi\u00e9n puede consultarse el men\u00fa de ayuda del navegador d\u00f3nde puede encontrar instrucciones. La web utiliza tanto cookies de sesi\u00f3n, temporales, como cookies permanentes. Las cookies de sesi\u00f3n almacenan datos mientras el usuario accede a la web, caducan al cerrar el navegador; mientras que las cookies permanentes almacenan los datos en el terminal para que sean accedidos y utilizados en m\u00e1s de una sesi\u00f3n, suelen caducar cuando transcurre un periodo de tiempo que puede oscilar entre los dos meses y el a\u00f1o. Seg\u00fan la finalidad para la que se traten los datos obtenidos a trav\u00e9s de las cookies, la web puede utilizar:<\/p>\n\n\n\n<ol class=\"wp-block-list\">\n<li><strong>Cookies t\u00e9cnicas<\/strong>: son aquellas que permiten al usuario la navegaci\u00f3n a trav\u00e9s de una p\u00e1gina web, plataforma o aplicaci\u00f3n y la utilizaci\u00f3n de las diferentes opciones o servicios que en ella existan como, por ejemplo, controlar el tr\u00e1fico y la comunicaci\u00f3n de datos, identificar la sesi\u00f3n, acceder a partes de acceso restringido.<\/li>\n\n\n\n<li><strong>Cookies de personalizaci\u00f3n<\/strong>: son aquellas que permiten al usuario acceder al servicio con algunas caracter\u00edsticas de car\u00e1cter general predefinidas en funci\u00f3n de una serie de criterios en el terminal del usuario, como por ejemplo ser\u00edan el idioma, el tipo de navegador.<\/li>\n\n\n\n<li><strong>Cookies de an\u00e1lisis<\/strong>: son aquellas que permiten el seguimiento y an\u00e1lisis del comportamiento de los usuarios de los sitios web a los que est\u00e1n vinculadas. La informaci\u00f3n recogida mediante este tipo de cookies se utiliza en la medici\u00f3n de la actividad de los sitios web, aplicaci\u00f3n o plataforma y para la elaboraci\u00f3n de perfiles de navegaci\u00f3n de los usuarios.<\/li>\n\n\n\n<li><strong>Cookies publicitarias<\/strong>: son aquellas que permiten la gesti\u00f3n, de la forma m\u00e1s eficaz posible, de los espacios publicitarios.<\/li>\n\n\n\n<li><strong>Cookies de publicidad comportamental<\/strong>: estas cookies almacenan informaci\u00f3n del comportamiento de los usuarios obtenida a trav\u00e9s de la observaci\u00f3n continuada de sus h\u00e1bitos de navegaci\u00f3n, lo que permite desarrollar un perfil espec\u00edfico para mostrar publicidad en funci\u00f3n del mismo.<\/li>\n\n\n\n<li><strong>Cookies de redes sociales externas<\/strong>: que se utilizan para que los visitantes puedan interactuar con el contenido de diferentes plataformas sociales (Facebook, YouTube, X, LinkedIn&#8230;) y que se generen \u00fanicamente para los usuarios de dichas redes sociales. Las condiciones de utilizaci\u00f3n de estas cookies y la informaci\u00f3n recopilada se regula por la pol\u00edtica de privacidad de la plataforma social correspondiente.<\/li>\n<\/ol>\n\n\n\n<p>Actualmente, en la web se utilizan los siguientes tipos de cookies:<\/p>\n\n\n\n<figure class=\"wp-block-table\"><table class=\"has-fixed-layout\"><tbody><tr><td colspan=\"2\"><strong>Cookies<\/strong><\/td><td><strong>Finalidad<\/strong><\/td><td><strong>Opt-out<\/strong><\/td><\/tr><tr><td colspan=\"4\">Cookies propias<\/td><\/tr><tr><td colspan=\"2\">T\u00e9cnicas<\/td><td>Gestionan la correcta navegaci\u00f3n a trav\u00e9s de la Web y sus contenidos, permitiendo identificar las sesiones de usuarios y proteger su uso.<\/td><td>N\/A<\/td><\/tr><tr><td colspan=\"2\">De personalizaci\u00f3n<\/td><td>Permiten mejorar la experiencia del usuario almacenando variables personalizadas como el idioma o las preferencias de navegaci\u00f3n.<\/td><td>N\/A<\/td><\/tr><tr><td colspan=\"4\">Cookies de terceros(La informaci\u00f3n recogida a continuaci\u00f3n ha sido facilitada por esos terceros)<\/td><\/tr><tr><td>An\u00e1lisis<\/td><td>Google Analytics<\/td><td>La web utiliza Google Analytics, un servicio anal\u00edtico de Web prestado por Google, Inc., una compa\u00f1\u00eda de Delaware cuya oficina principal est\u00e1 en 1600 Amphitheatre Parkway, Mountain View (California), CA 94043, Estados Unidos (\u00abGoogle\u00bb). La informaci\u00f3n que genera la cookie acerca de su uso de la Web (incluyendo su direcci\u00f3n IP) ser\u00e1 directamente transmitida y archivada por Google en los servidores de Estados Unidos. Google usar\u00e1 esta informaci\u00f3n por cuenta de ZENKS! con el prop\u00f3sito de seguir la pista de su uso de la Web, recopilando informes de actividad y prestando otros servicios relacionados con la actividad y el uso de Internet. Google no asociar\u00e1 su direcci\u00f3n IP con ning\u00fan otro dato del que disponga Google.<\/td><td><a href=\"https:\/\/www.google.es\/intl\/es\/policies\/technologies\/cookies\/\" rel=\"noopener\">Pol\u00edtica de Google<\/a><\/td><\/tr><tr><td rowspan=\"3\">Redes sociales<\/td><td>X (Twitter)<\/td><td>X nos proporciona botones y otras funcionalidades para que puedas compartir enlaces a nuestra web en tu perfil. La informaci\u00f3n enviada fuera de la UE a X, relativa a las p\u00e1ginas que has visitado o sobre las cosas que te interesan, son utilizadas por X conforme sus pol\u00edticas de privacidad.<\/td><td><a href=\"https:\/\/x.com\/es\/privacy\">Pol\u00edtica de X<\/a><\/td><\/tr><tr><td>YouTube<\/td><td>Su funci\u00f3n es de almacenaje de preferencias de configuraci\u00f3n (v\u00eddeos de YouTube). La informaci\u00f3n enviada fuera de la UE a YouTube, relativa a los videos que has visitado o sobre las p\u00e1ginas que te interesan, son utilizadas por YouTube conforme a sus pol\u00edticas de privacidad y cookies.<\/td><td><a href=\"https:\/\/www.google.es\/intl\/es\/policies\/technologies\/cookies\/\" rel=\"noopener\">Pol\u00edtica de Google<\/a><\/td><\/tr><tr><td>Facebook y LinkedIn<\/td><td colspan=\"2\">Depende de cada red social.<\/td><\/tr><\/tbody><\/table><\/figure>\n\n\n\n<p>Los sistemas de opt-out espec\u00edficos indicados en la tabla anterior respecto de la cookie de que se trate (estos sistemas pueden conllevar que se instale en su equipo una cookie \u00abde rechazo\u00bb para que funcione su elecci\u00f3n de desactivaci\u00f3n); u otras herramientas de terceros, disponibles on line, que permiten a los usuarios detectar las cookies en cada sitio web que visita y gestionar su desactivaci\u00f3n. Como usuario puedes, en cualquier momento, elegir qu\u00e9 cookies quiere que funcionen en la web mediante la configuraci\u00f3n del navegador; por ejemplo:<\/p>\n\n\n\n<ul class=\"wp-block-list\">\n<li><a href=\"http:\/\/support.google.com\/chrome\/bin\/answer.py?hl=es&amp;answer=95647\" rel=\"noopener\">Instrucciones para Google Chrome<\/a><\/li>\n\n\n\n<li><a href=\"http:\/\/windows.microsoft.com\/es-es\/windows7\/how-to-manage-cookies-in-internet-explorer-9\" rel=\"noopener\">Instrucciones para Internet Explorer<\/a><\/li>\n\n\n\n<li><a href=\"http:\/\/support.mozilla.org\/es\/kb\/habilitar-y-deshabilitar-cookies-que-los-sitios-we\" rel=\"noopener\">Instrucciones para Firefox<\/a><\/li>\n\n\n\n<li><a href=\"http:\/\/support.apple.com\/kb\/ph5042\" rel=\"noopener\">Instrucciones para Safari<\/a><\/li>\n<\/ul>\n\n\n\n<p>Mancho Villa no se hace responsable del contenido y veracidad de las pol\u00edticas de privacidad de los terceros incluidas en esta pol\u00edtica de cookies.<\/p>\n\n\n\n<p>Si tienes dudas sobre esta pol\u00edtica de cookies puede contactar con info@manchovilla.com.<\/p>","protected":false},"excerpt":{"rendered":"<p>Las cookies son peque\u00f1os archivos de informaci\u00f3n que se env\u00edan y almacenan en el equipo desde el que accede a nuestra web (tel\u00e9fono m\u00f3vil, ordenador personal, tableta o televisi\u00f3n conectada) facilitando el uso de la misma. Para ofrecerle un mejor servicio, esta web utiliza cookies. Llegar a Casa S.L. emplea tanto cookies propias como de [&hellip;]<\/p>\n","protected":false},"author":1,"featured_media":0,"parent":0,"menu_order":0,"comment_status":"closed","ping_status":"closed","template":"","meta":{"footnotes":""},"class_list":["post-356","page","type-page","status-publish","hentry"],"_links":{"self":[{"href":"https:\/\/manchovilla.com\/en\/wp-json\/wp\/v2\/pages\/356","targetHints":{"allow":["GET"]}}],"collection":[{"href":"https:\/\/manchovilla.com\/en\/wp-json\/wp\/v2\/pages"}],"about":[{"href":"https:\/\/manchovilla.com\/en\/wp-json\/wp\/v2\/types\/page"}],"author":[{"embeddable":true,"href":"https:\/\/manchovilla.com\/en\/wp-json\/wp\/v2\/users\/1"}],"replies":[{"embeddable":true,"href":"https:\/\/manchovilla.com\/en\/wp-json\/wp\/v2\/comments?post=356"}],"version-history":[{"count":1,"href":"https:\/\/manchovilla.com\/en\/wp-json\/wp\/v2\/pages\/356\/revisions"}],"predecessor-version":[{"id":357,"href":"https:\/\/manchovilla.com\/en\/wp-json\/wp\/v2\/pages\/356\/revisions\/357"}],"wp:attachment":[{"href":"https:\/\/manchovilla.com\/en\/wp-json\/wp\/v2\/media?parent=356"}],"curies":[{"name":"wp","href":"https:\/\/api.w.org\/{rel}","templated":true}]}}