{"id":354,"date":"2026-03-11T18:25:39","date_gmt":"2026-03-11T17:25:39","guid":{"rendered":"https:\/\/manchovilla.com\/?page_id=354"},"modified":"2026-03-11T18:25:41","modified_gmt":"2026-03-11T17:25:41","slug":"politica-de-privacidad","status":"publish","type":"page","link":"https:\/\/manchovilla.com\/en\/politica-de-privacidad\/","title":{"rendered":"Pol\u00edtica de privacidad"},"content":{"rendered":"<p>Todo lo que hacemos en Mancho Villa es por y para ti. Todo cambia en esta vida, incluso las Pol\u00edticas de Privacidad, pero \u00a1qu\u00e9 no cunda el p\u00e1nico! Seguimos tom\u00e1ndonos muy en serio la privacidad y seguridad de todos nuestros usuarios. Gente como t\u00fa que no quiere que sus datos se vean comprometidos. As\u00ed que en Mancho Villa estamos comprometidos al 100% para proteger tu informaci\u00f3n, que sepas c\u00f3mo la gestionamos y cu\u00e1les son tus derechos.<\/p>\n\n\n\n<p>Al utilizar este sitio web manchovilla.com (la \u201cWeb\u201d) o cualquiera de sus servicios y formularios, Mancho Villa recaba los datos personales de cada usuario (el \u201cUsuario\u201d o, indistintamente, los \u201cUsuarios\u201d) de conformidad con esta pol\u00edtica de privacidad (\u201cPol\u00edtica de Privacidad\u201d) y cualquier otra que la sustituya en un futuro.<\/p>\n\n\n\n<p>Todo aquel Usuario que no est\u00e9 conforme con la Pol\u00edtica de Privacidad deber\u00e1 abstenerse de acceder, completar formularios o de cualquier modo a utilizar la Web.<\/p>\n\n\n\n<p><strong>1. Responsable del tratamiento de tus datos<\/strong><\/p>\n\n\n\n<p>1.1. El responsable de la recogida y tratamiento de tus datos personales en la Web es Llegar a Casa S.L., bajo el nombre comercial de Mancho Villa, con domicilio en Camino del Mancho S\/N, Casavieja, CP 05450, \u00c1vila, y con NIF B70922364 (en adelante, Mancho Villa).<\/p>\n\n\n\n<p><strong>2. \u00bfQu\u00e9 informaci\u00f3n recopilamos y tratamos sobre ti?<\/strong><\/p>\n\n\n\n<p>2.1. Mancho Villa recopila y trata distinta informaci\u00f3n de los Usuarios. Esta informaci\u00f3n puede constituir, en muchas ocasiones, datos personales de los Usuarios. Esta informaci\u00f3n tendr\u00e1 la consideraci\u00f3n de \u201cdato personal\u201d cuando pueda identificar directamente o pueda permitirnos identificar a una persona f\u00edsica.<\/p>\n\n\n\n<p>2.2. Estos datos personales pueden haber sido directamente proporcionados por el Usuario, al interactuar en la Web o completar alguno de los formularios disponibles, o pueden haber sido inferidos de la relaci\u00f3n que mantenemos contigo. En concreto:<\/p>\n\n\n\n<figure class=\"wp-block-table\"><table class=\"has-fixed-layout\"><tbody><tr><td>Informaci\u00f3n que t\u00fa nos proporcionas<\/td><td>Compartes datos personales con nosotros sobre ti cuando: Cumplimentas formularios en nuestra Web, incluyendo cuando compras productos online, cuando nos haces alguna consulta, creas una cuenta y\/o te das de alta para recibir material promocional y newsletters. Respondiendo encuestas o participando en concursos o sorteos. En cualquier comunicaci\u00f3n con nosotros, ya sea por tel\u00e9fono, e-mail, post o cuando te conectes a tu cuenta, compres o env\u00edes una consulta o sugerencia. Nos contactas en relaci\u00f3n a nuestros productos, servicios, haces una queja o cualquier otra consulta. En particular, cuando nos llamas, tus llamadas pueden ser grabadas de vez en cuando con prop\u00f3sitos de formaci\u00f3n y monitorizaci\u00f3n. No est\u00e1s obligado a proporcionarnos tus datos personales. Sin embargo, si no lo haces, no podremos procesar tu pedido o proporcionarte otros servicios, como responder a tus consultas.<\/td><\/tr><tr><td>Informaci\u00f3n que podemos recopilar sobre ti<\/td><td>Recogemos datos sobre ti cuando: Visitas nuestra Web, incluyendo detalles sobre las visitas a nuestras webs, como la direcci\u00f3n IP que usas para conectar tu ordenador a internet, direcciones MAC, tr\u00e1fico de datos, datos de localizaci\u00f3n, tus datos de acceso, ajustes de zona horaria, tipo de buscador y versiones, sistema operativo y plataforma, weblogs, cookies and otras comunicaciones de datos y los recursos con los que accedes. Para m\u00e1s informaci\u00f3n puedes visitar nuestra Pol\u00edtica de cookies. Conectas tus cuentas de RRSS con nosotros, para habilitar tu registro en nuestras webs de manera sencilla y segura sin tener que crear una nueva cuenta. En caso de que as\u00ed lo requiera la normativa aplicable, en Mancho Villa obtendremos los consentimientos necesarios o trataremos esta informaci\u00f3n siempre bajo una base jur\u00eddica adecuada.<\/td><\/tr><tr><td>Informaci\u00f3n que recibimos de otras cuentas<\/td><td>Recibimos datos personales sobre ti por parte de terceros Debido a fusiones o adquisiciones cuando obtenemos tus datos de otra empresa. Cuando trabajamos con empresas de anal\u00edtica del sector retail, empresas de conocimiento del cliente, organismos de referencia de cr\u00e9dito y fuentes disponibles p\u00fablicamente y que nos ayudan a entender comportamientos demogr\u00e1ficos y de compras de los clientes.<\/td><\/tr><\/tbody><\/table><\/figure>\n\n\n\n<p>2.3. Los datos personales que podr\u00e1n ser tratados por Mancho Villa son los siguientes:<\/p>\n\n\n\n<p>a) Datos de clientes, recogidos por Mancho Villa a trav\u00e9s de esta Web:<\/p>\n\n\n\n<ul class=\"wp-block-list\">\n<li>Datos de contacto: nombre y apellidos, tel\u00e9fono, correo electr\u00f3nico, DNI o CIF y direcci\u00f3n de facturaci\u00f3n.<\/li>\n\n\n\n<li>Datos contractuales y bancarios: n\u00famero de tarjeta de d\u00e9bito o cr\u00e9dito, historial de compras, contratos y condiciones generales de contrataci\u00f3n y comunicaciones mantenidas, consultas y encuestas.<\/li>\n<\/ul>\n\n\n\n<p>b) Potenciales clientes, recogidos en los formularios de la Web, bajo el consentimiento previo y expreso del potencial cliente para el tratamiento del que se trate, de entre los descritos en esta Pol\u00edtica de Privacidad.<\/p>\n\n\n\n<ul class=\"wp-block-list\">\n<li>Datos de contacto: nombre y apellidos, tel\u00e9fono y correo electr\u00f3nico.<\/li>\n<\/ul>\n\n\n\n<p>2.4. Mancho Villa ha habilitado, a su vez, distintos formularios en la Web, a trav\u00e9s de los que recopila la siguiente informaci\u00f3n:<\/p>\n\n\n\n<ul class=\"wp-block-list\">\n<li>Formulario de solicitud de presupuesto<\/li>\n\n\n\n<li>Formulario de contacto<\/li>\n<\/ul>\n\n\n\n<p>2.5. Los Usuarios garantizan que los datos personales proporcionados son ciertos y exactos y se comprometen a notificar cualquier cambio o modificaci\u00f3n. Ser\u00e1n responsables de cualquier p\u00e9rdida o da\u00f1o causado a la Web, Mancho Villa o a cualquier tercero mediante la comunicaci\u00f3n de informaci\u00f3n err\u00f3nea, inexacta o incompleta.<\/p>\n\n\n\n<p>2.6. En caso de no suministrar los datos considerados como necesarios, puede que no resulte posible proceder al alta, inscripci\u00f3n, solicitud de informaci\u00f3n, etc. pretendida por el usuario.<\/p>\n\n\n\n<p>2.7. Tenga en cuenta que en ning\u00fan caso se hace necesario que los Usuarios incluyan informaci\u00f3n o datos de car\u00e1cter sensible, como son el origen \u00e9tnico o racial, las opiniones pol\u00edticas, las convicciones religiosas o filos\u00f3ficas, o la afiliaci\u00f3n sindical, datos relativos a la salud o datos relativos a la vida sexual, la orientaci\u00f3n sexual, o datos relativos a los antecedentes penales.<\/p>\n\n\n\n<p><strong>3. \u00bfCon qu\u00e9 finalidad y bajo qu\u00e9 legitimaci\u00f3n tratamos tus datos personales?<\/strong><\/p>\n\n\n\n<p>3.1. Mancho Villa utiliza tus datos personales, proporcionados o recogidos de conformidad con la presente Pol\u00edtica de Privacidad, para proporcionar, desarrollar y, en definitiva, mejorar la prestaci\u00f3n de los servicios ofrecidos en la Web.<\/p>\n\n\n\n<p>3.2. Te indicamos las finalidades concretas para las cuales tratamos tus datos personales, as\u00ed como la base jur\u00eddica que legitima su uso en cada caso:<\/p>\n\n\n\n<p>A) GESTI\u00d3N DE LA CONTRATACI\u00d3N DE LOS SERVICIOS SOLICITADOS POR LOS USUARIOS<\/p>\n\n\n\n<p>Base jur\u00eddica: ejecuci\u00f3n de medidas precontractuales y del posterior contrato e inter\u00e9s leg\u00edtimo de Mancho Villa.<\/p>\n\n\n\n<p>En el marco de esta finalidad del tratamiento, desde Mancho Villa podremos:<\/p>\n\n\n\n<ul class=\"wp-block-list\">\n<li>Remitir recordatorios v\u00eda electr\u00f3nica en caso de que hubieras comenzado el proceso de contrataci\u00f3n sin terminarlo.<\/li>\n\n\n\n<li>Gestionar la contrataci\u00f3n, la facturaci\u00f3n y prestaci\u00f3n de los servicios contratados.<\/li>\n\n\n\n<li>Facilitarte acceso a la lista de servicios que has comprado con nosotros, a los recibos de compra y al estado de tu pedido.<\/li>\n\n\n\n<li>Analizar posibles fraudes y suplantaciones de identidad.<\/li>\n\n\n\n<li>Atender tus consultas y peticiones.<\/li>\n\n\n\n<li>Comunicarnos contigo en relaci\u00f3n con los productos o los servicios contratados.<\/li>\n\n\n\n<li>Ejer citar y defendernos en el marco de acciones legales que nos asistan.<\/li>\n<\/ul>\n\n\n\n<p>B) ATENCI\u00d3N A LAS CONSULTAS Y PETICIONES FORMULADAS POR LOS USUARIOS EN LA WEB.<\/p>\n\n\n\n<p>Base jur\u00eddica: ejecuci\u00f3n de medidas precontractuales o contractuales, tu consentimiento al dirigir las consultas hacia Mancho Villa.<\/p>\n\n\n\n<p>En el marco de esta finalidad del tratamiento, desde Mancho Villa podremos atender, gestionar y resolver tus solicitudes y consultas recibidas por los distintos canales de contacto (por ejemplo, a trav\u00e9s de los formularios Web y llamadas a centros de contacto de clientes).<\/p>\n\n\n\n<p>C) CUMPLIMIENTO DE OBLIGACIONES LEGALES Y REQUERIMIENTOS DE DISTINTOS ORGANISMOS.<\/p>\n\n\n\n<p>Base jur\u00eddica: cumplimiento de obligaciones legales aplicables a Mancho Villa.<\/p>\n\n\n\n<p>En el marco de esta finalidad del tratamiento, desde Mancho Villa podremos cumplir con cualesquiera obligaciones legales nos sean aplicables y exigibles, atender requerimientos de cualquier organismo, tribunal o administraci\u00f3n p\u00fablica. Asimismo, podremos prevenir y detectar y evitar posible fraude y delitos.<\/p>\n\n\n\n<p>E) GESTI\u00d3N DE LA WEB Y AN\u00c1LISIS DE SU USO<\/p>\n\n\n\n<p>Base jur\u00eddica: inter\u00e9s leg\u00edtimo en analizar el uso de la Web, para mejorar los servicios prestados a los Usuarios y ofrecerles una mayor seguridad. En el caso de empleo de cookies y tecnolog\u00edas similares, el consentimiento del Usuario, en los t\u00e9rminos descritos en la Pol\u00edtica de cookies de Mancho Villa.<\/p>\n\n\n\n<p>En el marco de esta finalidad del tratamiento, desde Mancho Villa podremos:<\/p>\n\n\n\n<ul class=\"wp-block-list\">\n<li>Entender c\u00f3mo navegas.<\/li>\n\n\n\n<li>Desarrollar y mejorar nuestros productos y servicios.<\/li>\n\n\n\n<li>Desarrollar y mejorar la Web, marcando opciones predeterminadas como el idioma y la moneda. As\u00ed como garantizar que el contenido se muestra de la forma m\u00e1s eficiente posible.<\/li>\n\n\n\n<li>Analizar las preferencias de los clientes.<\/li>\n\n\n\n<li>Realizar encuestas y concursos.<\/li>\n\n\n\n<li>Recoger tus datos personales para que est\u00e9s informado sobre posibles cambios en nuestros\u00a0 servicios.<\/li>\n\n\n\n<li>Recoger informaci\u00f3n para gestionar las cuentas de Usuario de forma m\u00e1s eficiente y mejorar la experiencia en la Web.<\/li>\n<\/ul>\n\n\n\n<p>F) ENV\u00cdO DE COMUNICACIONES COMERCIALES<\/p>\n\n\n\n<p>Base jur\u00eddica: inter\u00e9s leg\u00edtimo en enviarle comunicaciones comerciales de ofertas y descuentos de servicios relacionados con los servicios similares a los que usted ha contratado con Mancho Villa, en el caso de clientes, o el consentimiento, en caso de clientes potenciales, aquellos Usuarios que hubieran dejado de ser clientes.<\/p>\n\n\n\n<p>Para realizar las comunicaciones comerciales mencionadas por v\u00eda electr\u00f3nica, Mancho Villa podr\u00e1 utilizar tus datos personales y aquellos que recaben durante el proceso de contrataci\u00f3n de productos y de los servicios para personalizar la informaci\u00f3n comercial y enviarte aquellas comunicaciones que puedan resultar de tu inter\u00e9s y se ajusten a tus necesidades y preferencias de consumo.<\/p>\n\n\n\n<p>En virtud de la normativa aplicable, Mancho Villa tambi\u00e9n consultar\u00e1 las listas de exclusi\u00f3n publicitaria.<\/p>\n\n\n\n<p><strong>4. \u00bfCon qui\u00e9n compartimos tu informaci\u00f3n?<\/strong><\/p>\n\n\n\n<p>4.1. Como se indica a continuaci\u00f3n, tus datos personales solo ser\u00e1n accesibles por terceros, en los siguientes supuestos y con los prop\u00f3sitos indicados en nuestra Pol\u00edtica de Privacidad:<\/p>\n\n\n\n<p>a) Proveedores de servicios: tu informaci\u00f3n podr\u00e1 ser accesible para un n\u00famero reducido de terceros con el objetivo de poder ofrecerte nuestros productos y servicios y gestionar el adecuado mantenimiento de la Web. Los datos se comparten con:<\/p>\n\n\n\n<ul class=\"wp-block-list\">\n<li>Empresas registradoras de dominios, alojamiento web y certificado SSL, para dar tu servicio de alta, en el caso de que hayas contratado el servicio con Mancho Villa.<\/li>\n\n\n\n<li>Nuestros proveedores de confianza, como agencias de marketing, socios publicitarios y alojamiento web o mantenimiento de inform\u00e1tica.<\/li>\n\n\n\n<li>Aquellas empresas de venta de herramientas necesarias para la construcci\u00f3n, desarrollo y dise\u00f1o de una web.<\/li>\n\n\n\n<li>Prestadores de servicios de atenci\u00f3n al cliente, cobros o ventas.<\/li>\n\n\n\n<li>Empresas de asesor\u00eda, auditor\u00eda y consultor\u00eda.<\/li>\n<\/ul>\n\n\n\n<p>Solo compartiremos tu informaci\u00f3n a terceros cuando sea imprescindible para que puedan realizar los servicios que les solicitamos o cuando hayas prestado tu consentimiento para que se produzca cada comunicaci\u00f3n de datos.<\/p>\n\n\n\n<p>Mancho Villa garantiza que, en tales casos, estos terceros prestadores de servicios tendr\u00e1n un acceso limitado a tus Datos Personales en la medida necesaria para ejecutar las tareas encomendadas, firmar\u00e1n un contrato de encargo de tratamiento y quedar\u00e1n obligadas a no desvelar la informaci\u00f3n ni a utilizarla para fines distintos a los de la prestaci\u00f3n del servicio correspondiente.<\/p>\n\n\n\n<p>b) Divulgaciones requeridas por Ley. Es posible que comuniquemos datos personales a terceros para poder cumplir con nuestra obligaci\u00f3n legal o reguladora, as\u00ed como en caso de que fuera necesario en alg\u00fan otro procedimiento legal. En particular, podremos comunicar los datos personales y la informaci\u00f3n proporcionada por los Usuarios cuando lo requiera la ley, en un procedimiento judicial, para investigar una actividad sospechosa, o para de cualquier otra forma proteger los derechos propios y de los Usuarios.<\/p>\n\n\n\n<p>En tales casos, Mancho Villa se compromete a notificar a los Usuarios que sus datos han sido solicitados jur\u00eddicamente, en la medida en que sea posible y en los casos en los que tal comunicaci\u00f3n no sea incompatible con la finalidad para la cual los datos han sido inicialmente divulgados.<\/p>\n\n\n\n<p><strong>5. \u00bfCu\u00e1les son las decisiones autom\u00e1ticas que tomamos por ti?<\/strong><\/p>\n\n\n\n<p>5.1. Mancho Villa lleva a cabo una evaluaci\u00f3n de tu perfil con el objetivo de mejorar nuestros servicios y que as\u00ed los mensajes de marketing est\u00e9n m\u00e1s personalizados. El impacto de estas decisiones autom\u00e1ticas es ofrecer una experiencia inmejorable.<\/p>\n\n\n\n<p><strong>6. Transferencia de tus datos personales fuera del espacio econ\u00f3mico europeo<\/strong><\/p>\n\n\n\n<p>6.1. Mancho Villa recoge, almacena y trata los datos personales de los Usuarios en distintos servidores dentro del Espacio Econ\u00f3mico Europeo.<\/p>\n\n\n\n<p>6.2. No obstante, es posible que tu informaci\u00f3n sea transferida fuera del Espacio Econ\u00f3mico Europeo a territorios que pueden no garantizar el mismo nivel de protecci\u00f3n en materia de protecci\u00f3n de datos. En tales casos, Mancho Villa solo llevar\u00e1 a cabo estas transferencias internacionales de datos a terceros pa\u00edses respecto de los cuales la Comisi\u00f3n Europea haya emitido una decisi\u00f3n de adecuaci\u00f3n o, en su defecto, cuando Mancho Villa y el cesionario de los datos hayan implementado las salvaguardas y ofrecido garant\u00edas adecuadas de forma previa a llevar a cabo la transferencia (e.g. mediante la suscripci\u00f3n de cl\u00e1usulas contractuales tipo).<\/p>\n\n\n\n<p><strong>7. Conservaci\u00f3n de tus datos personales<\/strong><\/p>\n\n\n\n<p>7.1. Conservamos tus datos personales durante el tiempo necesario para poder cumplir con el prop\u00f3sito por el que fueron recopilados, tal y como recoge esta Pol\u00edtica de Privacidad, salvo que por cuestiones legales el plazo de retenci\u00f3n sea mayor.<\/p>\n\n\n\n<p>7.2. Posteriormente, tus datos ser\u00e1n conservados durante los plazos legales que en cada caso resulten de aplicaci\u00f3n, teniendo en cuenta la tipolog\u00eda de datos, as\u00ed como la finalidad del tratamiento. Por otro lado, una vez cumplidas las finalidades, Mancho Villa conservar\u00e1 tus datos personales debidamente bloqueados, en la medida en que puedan derivarse responsabilidades para Mancho Villa o de cualquier otra forma sea legalmente requerido.<\/p>\n\n\n\n<p>7.3. Mancho Villa dispone de un protocolo de plazos de conservaci\u00f3n, de acuerdo con el cual:<\/p>\n\n\n\n<p>d) Lo normal es que guardemos tus datos personales durante 6 a\u00f1os desde tu compra para poder solucionar cualquier problema con los servicios que has recibido, adem\u00e1s de para poder utilizarlos en los procedimientos legales pertinentes.<\/p>\n\n\n\n<p>e) En algunos casos la informaci\u00f3n se borrar\u00e1 en un periodo de tiempo inferior, como, por ejemplo: (i) las cookies tienen la duraci\u00f3n prevista en nuestra Pol\u00edtica de Cookies; (ii) en la medida necesaria para facilitar a los Usuarios la informaci\u00f3n solicitada y contestar a las consultas, los datos se conservan hasta que se ha dado respuesta y una vez contestada la consulta, los datos ser\u00e1n bloqueados y conservados solo para el cumplimiento de obligaciones legales.<\/p>\n\n\n\n<p>f) Hay ocasiones en las que, aunque tus datos no sean necesarios para ofrecerte un mejor servicio, los guardaremos para cumplir con condiciones legales o reguladoras, resolver conflictos, prevenir el fraude o abuso, o cumplir nuestros t\u00e9rminos y condiciones.<\/p>\n\n\n\n<p><strong>8. Seguridad de tus datos personales<\/strong><\/p>\n\n\n\n<p>8.1. La transmisi\u00f3n de informaci\u00f3n a trav\u00e9s de Internet no es ni puede ser completamente segura. Aunque en Mancho Villa hacemos todo lo que est\u00e1 en nuestra mano para proteger tus datos personales, no podemos garantizarte con total certeza la completa seguridad de tu informaci\u00f3n transmitida a trav\u00e9s de nuestras p\u00e1ginas web. Es el propio Usuario el que asume el riesgo de todas estas transmisiones.<\/p>\n\n\n\n<p>8.2. En este sentido, en Mancho Villa hemos adoptado medidas de seguridad, as\u00ed como medidas de \u00edndole t\u00e9cnica y organizativas necesarias para garantizar la confidencialidad, integridad y seguridad de los datos personales, y evitar su p\u00e9rdida, alteraci\u00f3n, tratamiento o acceso no autorizado, habida cuenta del estado de la tecnolog\u00eda y la naturaleza de los datos almacenados. Asimismo, Mancho Villa controla peri\u00f3dicamente sus sistemas para detectar posibles vulnerabilidades y ataques, y de esta forma prevenir cualquier acceso no autorizado.<\/p>\n\n\n\n<p><strong>9. \u00bfQu\u00e9 derechos tienes?<\/strong><\/p>\n\n\n\n<p>9.1. La normativa sobre protecci\u00f3n de datos establece los derechos que puedes ejercitar en relaci\u00f3n al tratamiento de tus datos personales tal y como puedes ver m\u00e1s abajo. Puedes ejercitar cualquier derecho, identificando con claridad el derecho que est\u00e1s ejercitando, a trav\u00e9s de la direcci\u00f3n de correo electr\u00f3nico: info@manchovilla.com.<\/p>\n\n\n\n<p>9.2. Los derechos que puedes ejercitar, en los t\u00e9rminos previstos por la legislaci\u00f3n vigente, ser\u00edan los siguientes:<\/p>\n\n\n\n<figure class=\"wp-block-table\"><table class=\"has-fixed-layout\"><tbody><tr><td>Acceso<\/td><td>Tienes derecho a solicitar una confirmaci\u00f3n de que tus datos personales est\u00e1n siendo tratados, acceder a ellos (enviar\u00edamos una copia) y otra informaci\u00f3n sobre c\u00f3mo tratamos tus datos.<\/td><\/tr><tr><td>Rectificaci\u00f3n<\/td><td>Tienes derecho a solicitar un cambio en tus datos personales si no es del todo correcta o bien est\u00e1 incompleta.<\/td><\/tr><tr><td>Supresi\u00f3n<\/td><td>Tienes derecho a solicitar la eliminaci\u00f3n de tus datos personales si: (i) ya no son necesarios para los fines para los que fueron recogidos o tratados de otro modo, (ii) si retiras tu consentimiento, o (iii) cuando entiendas que han sido tratados il\u00edcitamente o (iv) de otra forma sea legalmente establecido.<\/td><\/tr><tr><td>Limitaci\u00f3n del tratamiento<\/td><td>Tienes derecho a solicitar que se limite o se bloquee el tratamiento de tus datos personales, mientras impugnas la exactitud de tus datos personales, cuando entiendas que el tratamiento es il\u00edcito, cuando tus datos personales ya no sean necesarios para las finalidades para las cuales fueron recabados, pero s\u00ed para la formulaci\u00f3n, ejercicio o defensa de reclamaciones, o en caso de oposici\u00f3n mientras verificamos la aplicabilidad de su derecho.<\/td><\/tr><tr><td>Oposici\u00f3n al tratamiento<\/td><td>Tienes derecho a oponerte a nuestro tratamiento de tus datos personales por motivos relacionados con tu situaci\u00f3n particular, cuando tus datos personales son objeto de tratamiento con base al inter\u00e9s leg\u00edtimo o con fines de mercadotecnia y env\u00edo de informaci\u00f3n comercial, incluida la elaboraci\u00f3n de perfiles. En tal caso, Mancho Villa estar\u00e1 obligada a dejar de tratar tus datos personales, salvo que existan motivos leg\u00edtimos que prevalezcan o tus datos personales sean necesarios para la formulaci\u00f3n, ejercicio o defensa de reclamaciones.<\/td><\/tr><tr><td>Portabilidad<\/td><td>Puedes solicitar la recepci\u00f3n de tus datos personales en un formato estructurado, de uso com\u00fan y lectura mec\u00e1nica, y su transmisi\u00f3n a otro responsable del tratamiento, cuando el tratamiento de tus datos personales se base en el consentimiento o en la ejecuci\u00f3n de un contrato y el tratamiento se realice por medios automatizados.<\/td><\/tr><tr><td>Retirar el consentimiento<\/td><td>Tienes derecho a revocar tu consentimiento en cualquier momento, cuando dependa de nosotros usar tus datos personales sobre esta base de legitimaci\u00f3n, por ejemplo, cuando necesitemos tu consentimiento para enviarte informaciones de marketing (previsto en esta Pol\u00edtica de Privacidad). La retirada del consentimiento no afectar\u00e1 a la licitud del tratamiento basada en el consentimiento previo a su retirada.<\/td><\/tr><\/tbody><\/table><\/figure>\n\n\n\n<p><strong>10. \u00bfY si tienes una reclamaci\u00f3n?<\/strong><\/p>\n\n\n\n<p>10.1. Si tienes cualquier preocupaci\u00f3n en cuanto al tratamiento de tus datos personales, no est\u00e1s satisfecho sobre c\u00f3mo hemos gestionado tus consultas o si te gustar\u00eda poner una reclamaci\u00f3n, por favor, contacta con nuestro servicio de atenci\u00f3n al cliente usando los datos que encontrar\u00e1s al inicio de esta Pol\u00edtica de Privacidad, para que puedan hacer lo mejor para solucionar tu problema.<\/p>\n\n\n\n<p>10.2. Asimismo, tambi\u00e9n puedes presentar en cualquier momento una reclamaci\u00f3n ante la autoridad de control competente que, en el caso de Espa\u00f1a, es la Agencia Espa\u00f1ola de Protecci\u00f3n de Datos.<\/p>\n\n\n\n<p><strong>11. Cambios en esta pol\u00edtica de privacidad<\/strong><\/p>\n\n\n\n<p>11.1. Mancho Villa se reserva el derecho de modificar esta Pol\u00edtica de Privacidad como consecuencia de la realizaci\u00f3n de nuevos tratamientos sobre los datos personales, o la modificaci\u00f3n de los existentes, as\u00ed como en funci\u00f3n de nuevas exigencias legislativas, reglamentarias, por motivos de seguridad o con la finalidad de adaptar dicha pol\u00edtica a las instrucciones de las autoridades de control en materia de protecci\u00f3n de datos o a nuevos procesos.<\/p>\n\n\n\n<p>11.2. Tomamos las medidas necesarias para comunicarte cualquier cambio en esta Pol\u00edtica de Privacidad y publicaremos cualquier actualizaci\u00f3n de nuestras pol\u00edticas de privacidad en la Web. Siempre que se produzcan cambios significativos en esta Pol\u00edtica de Privacidad, debidamente a los Usuarios a trav\u00e9s de la Web para ofrecer a todos los Usuarios la posibilidad de revisar los cambios y, en caso de resultar necesario, aceptarlos antes de que se hagan efectivos.<\/p>\n\n\n\n<p><strong>12. Contacto<\/strong><\/p>\n\n\n\n<p>12.1. Para cualquier duda o consulta acerca de esta Pol\u00edtica de Privacidad, no dude en comunicarse con nosotros a trav\u00e9s los formularios de la Web, o puede contactar Mancho Villa a trav\u00e9s de la siguiente direcci\u00f3n de correo electr\u00f3nico: info@manchovilla.com.<\/p>","protected":false},"excerpt":{"rendered":"<p>Todo lo que hacemos en Mancho Villa es por y para ti. Todo cambia en esta vida, incluso las Pol\u00edticas de Privacidad, pero \u00a1qu\u00e9 no cunda el p\u00e1nico! Seguimos tom\u00e1ndonos muy en serio la privacidad y seguridad de todos nuestros usuarios. Gente como t\u00fa que no quiere que sus datos se vean comprometidos. As\u00ed que [&hellip;]<\/p>\n","protected":false},"author":1,"featured_media":0,"parent":0,"menu_order":0,"comment_status":"closed","ping_status":"closed","template":"","meta":{"footnotes":""},"class_list":["post-354","page","type-page","status-publish","hentry"],"_links":{"self":[{"href":"https:\/\/manchovilla.com\/en\/wp-json\/wp\/v2\/pages\/354","targetHints":{"allow":["GET"]}}],"collection":[{"href":"https:\/\/manchovilla.com\/en\/wp-json\/wp\/v2\/pages"}],"about":[{"href":"https:\/\/manchovilla.com\/en\/wp-json\/wp\/v2\/types\/page"}],"author":[{"embeddable":true,"href":"https:\/\/manchovilla.com\/en\/wp-json\/wp\/v2\/users\/1"}],"replies":[{"embeddable":true,"href":"https:\/\/manchovilla.com\/en\/wp-json\/wp\/v2\/comments?post=354"}],"version-history":[{"count":1,"href":"https:\/\/manchovilla.com\/en\/wp-json\/wp\/v2\/pages\/354\/revisions"}],"predecessor-version":[{"id":355,"href":"https:\/\/manchovilla.com\/en\/wp-json\/wp\/v2\/pages\/354\/revisions\/355"}],"wp:attachment":[{"href":"https:\/\/manchovilla.com\/en\/wp-json\/wp\/v2\/media?parent=354"}],"curies":[{"name":"wp","href":"https:\/\/api.w.org\/{rel}","templated":true}]}}