{"id":352,"date":"2026-03-11T18:25:08","date_gmt":"2026-03-11T17:25:08","guid":{"rendered":"https:\/\/manchovilla.com\/?page_id=352"},"modified":"2026-03-11T18:25:10","modified_gmt":"2026-03-11T17:25:10","slug":"aviso-legal","status":"publish","type":"page","link":"https:\/\/manchovilla.com\/en\/aviso-legal\/","title":{"rendered":"Aviso legal"},"content":{"rendered":"<p>El sitio web manchovilla.com es propiedad de Llegar a Casa S.L. (en adelante, Mancho Villa), con domicilio a efectos de notificaciones en Camino del Mancho S\/N, Casavieja, CP 05450, \u00c1vila, NIF n\u00fam. B70922364 y direcci\u00f3n de correo electr\u00f3nico info@manchovilla.com, y a trav\u00e9s del mismo se proporciona informaci\u00f3n sobre sus actividades.<\/p>\n\n\n\n<p>El acceso y uso del sitio web atribuye al que lo realiza la condici\u00f3n de \u201cUsuario\u201d e implica la aceptaci\u00f3n \u00edntegra, expresa y sin reservas de las presentes condiciones generales, vigentes en el momento del acceso. Si el usuario no comprendiera en su totalidad las presentes condiciones de uso o no estuviera de acuerdo con las mismas, deber\u00e1 abstenerse de utilizar y operar a trav\u00e9s de este sitio web.<\/p>\n\n\n\n<p>Las presentes condiciones generales rigen \u00fanica y exclusivamente el uso del sitio web de Mancho Villa por parte de los usuarios que accedan y\/o naveguen por manchovilla.com. Las presentes condiciones generales se exponen en todas y cada una de las p\u00e1ginas del sitio web manchovilla.com, para que los usuarios puedan leerlas, imprimirlas y archivarlas.<\/p>\n\n\n\n<p><strong>PRIMERA.- CONDICIONES DE ACCESO Y USO.<\/strong><\/p>\n\n\n\n<p>La utilizaci\u00f3n del sitio web de Mancho Villa es gratuita y no requiere el previo registro del usuario. En aquellos casos que el acceso y\/o uso de determinados servicios y\/o contenidos requiriesen el registro o suscripci\u00f3n de los usuarios, ser\u00e1 necesario que estos acepten previamente la correspondiente Pol\u00edtica de Privacidad y las Condiciones Generales espec\u00edficas, no siendo posible el acceso a los mismos sin dicha aceptaci\u00f3n.<\/p>\n\n\n\n<p>Las condiciones de acceso y uso del presente sitio web se rigen estrictamente por la legalidad vigente y por el principio de buena fe, comprometi\u00e9ndose el usuario a realizar un buen uso de la web. Quedan prohibidos todos los actos que vulneren derechos o intereses de terceros (derecho a la intimidad, protecci\u00f3n de datos, propiedad intelectual, etc.), o la legalidad vigente.<\/p>\n\n\n\n<p>Mancho Villa proh\u00edbe expresamente:<\/p>\n\n\n\n<p>Realizar acciones que puedan producir en el sitio web o a trav\u00e9s del mismo, por cualquier medio, cualquier tipo de da\u00f1o a los sistemas de Mancho Villa o a terceros.<\/p>\n\n\n\n<p>Realizar sin la debida autorizaci\u00f3n cualquier tipo de publicidad o informaci\u00f3n comercial directamente o de forma encubierta, el env\u00edo de correos masivos (\u00abspaming\u00bb) o env\u00edo de grandes mensajes con el fin de bloquear servidores de la red (\u00abmail bombing\u00bb).<\/p>\n\n\n\n<p>El usuario se compromete no a utilizar el sitio web, ni los contenidos o informaci\u00f3n y\/o los servicios que se ofrecen en el mismo para la realizaci\u00f3n de actividades contrarias a la ley y a respetar en todo momento las presentes condiciones generales.<\/p>\n\n\n\n<p>Mancho Villa podr\u00e1 interrumpir en cualquier momento el acceso a su sitio web si detecta un uso contrario a la legalidad, la buena fe o a las presentes condiciones generales.<\/p>\n\n\n\n<p><strong>SEGUNDA.- CONTENIDOS.<\/strong><\/p>\n\n\n\n<p>Los contenidos incorporados en este sitio web han sido elaborados e incluidos por Mancho Villa, utilizando fuentes internas y externas, de tal modo que Mancho Villa \u00fanicamente se hace responsable por los contenidos elaborados de forma interna.<\/p>\n\n\n\n<p>Mancho Villa se reserva el derecho a modificar en cualquier momento los contenidos existentes en su sitio web. Mancho Villa no asegura ni se responsabiliza del correcto funcionamiento de los enlaces a sitios web de terceros que figuren en manchovilla.com.<\/p>\n\n\n\n<p>Adem\u00e1s, a trav\u00e9s del sitio web manchovilla.com, pueden ponerse a disposici\u00f3n de los usuarios, servicios gratuitos y\/o de pago ofrecidos por terceros ajenos, los cuales se regir\u00e1n por las condiciones particulares de dichos servicios. Mancho Villa no garantiza en ning\u00fan caso la veracidad, exactitud o actualidad de los contenidos y servicios ofrecidos por terceros y queda expresamente exonerado de cualquier tipo de responsabilidad por los da\u00f1os y perjuicios que puedan derivarse de la falta de exactitud de estos contenidos y servicios.<\/p>\n\n\n\n<p><strong>TERCERA.- RESPONSABILIDAD.<\/strong><\/p>\n\n\n\n<p>Mancho Villa en ning\u00fan caso ser\u00e1 responsable de:<\/p>\n\n\n\n<p>Los fallos e incidencias que pudieran producirse en las comunicaciones, borrado o transmisiones incompletas, de manera que no se garantiza que los servicios del sitio web est\u00e9n constantemente operativos.<\/p>\n\n\n\n<p>De la producci\u00f3n de cualquier tipo de da\u00f1o que los usuarios o terceros pudiesen ocasionar en el sitio web.<\/p>\n\n\n\n<p>De la fiabilidad y veracidad de las informaciones introducidas por terceros en el sitio web, bien directamente, bien a trav\u00e9s de enlaces o links.<\/p>\n\n\n\n<p>Mancho Villa se reserva el derecho a suspender el acceso sin previo aviso, de forma discrecional y con car\u00e1cter definitivo o temporal, hasta el aseguramiento de la efectiva responsabilidad de los da\u00f1os que pudieran producirse.<\/p>\n\n\n\n<p>Mancho Villa colaborar\u00e1 y notificar\u00e1 a la autoridad competente las incidencias anteriormente indicadas en el momento en que tenga conocimiento fehaciente de que los da\u00f1os ocasionados constituyan cualquier tipo de actividad il\u00edcita.<\/p>\n\n\n\n<p><strong>CUARTA.- DERECHOS DE AUTOR<\/strong><\/p>\n\n\n\n<p>Los contenidos propios, la programaci\u00f3n y el dise\u00f1o del sitio web manchovilla.com se encuentra plenamente protegido por los derechos de autor, quedando expresamente prohibida toda reproducci\u00f3n, comunicaci\u00f3n, distribuci\u00f3n y transformaci\u00f3n de los referidos elementos protegidos, salvo consentimiento expreso de Mancho Villa.<\/p>\n\n\n\n<p>Mancho Villa puede utilizar fuentes externas para la elaboraci\u00f3n de sus contenidos y establecer links o hiperenlaces a art\u00edculos o informaciones de terceros citando siempre la fuente. El leg\u00edtimo titular de los derechos de autor de las informaciones as\u00ed incluidas podr\u00e1 solicitar en cualquier momento la eliminaci\u00f3n de los referidos contenidos.<\/p>\n\n\n\n<p>Los materiales, tanto gr\u00e1ficos como escritos enviados por los usuarios a trav\u00e9s de los medios que se ponen a su disposici\u00f3n en el sitio web, son propiedad del usuario, quien afirma al enviarlos su leg\u00edtima autor\u00eda y cede los derechos de reproducci\u00f3n y distribuci\u00f3n al Mancho Villa.<\/p>\n\n\n\n<p><strong>QUINTA.- JURISDICCI\u00d3N Y LEY APLICABLE<\/strong><\/p>\n\n\n\n<p>Las presentes condiciones generales se rigen por la legislaci\u00f3n espa\u00f1ola. Son competentes para resolver toda controversia o conflicto que se derive de las presentes condiciones generales los Juzgados, renunciando expresamente el usuario a cualquier otro fuero que pudiera corresponderle.<\/p>\n\n\n\n<p><strong>SEXTA.- MISCELANEA.<\/strong><\/p>\n\n\n\n<p>En caso de que cualquier cl\u00e1usula del presente documento fuera declarada nula, las dem\u00e1s cl\u00e1usulas seguir\u00e1n vigentes y se interpretar\u00e1n teniendo en cuenta la voluntad de las partes y la finalidad misma de las presentes condiciones. Mancho Villa podr\u00e1 no ejercitar alguno de los derechos y facultades conferidos en este documento, lo que no implicar\u00e1 en ning\u00fan caso la renuncia a los mismos, salvo reconocimiento expreso por parte de Mancho Villa.<\/p>","protected":false},"excerpt":{"rendered":"<p>El sitio web manchovilla.com es propiedad de Llegar a Casa S.L. (en adelante, Mancho Villa), con domicilio a efectos de notificaciones en Camino del Mancho S\/N, Casavieja, CP 05450, \u00c1vila, NIF n\u00fam. B70922364 y direcci\u00f3n de correo electr\u00f3nico info@manchovilla.com, y a trav\u00e9s del mismo se proporciona informaci\u00f3n sobre sus actividades. El acceso y uso del [&hellip;]<\/p>\n","protected":false},"author":1,"featured_media":0,"parent":0,"menu_order":0,"comment_status":"closed","ping_status":"closed","template":"","meta":{"footnotes":""},"class_list":["post-352","page","type-page","status-publish","hentry"],"_links":{"self":[{"href":"https:\/\/manchovilla.com\/en\/wp-json\/wp\/v2\/pages\/352","targetHints":{"allow":["GET"]}}],"collection":[{"href":"https:\/\/manchovilla.com\/en\/wp-json\/wp\/v2\/pages"}],"about":[{"href":"https:\/\/manchovilla.com\/en\/wp-json\/wp\/v2\/types\/page"}],"author":[{"embeddable":true,"href":"https:\/\/manchovilla.com\/en\/wp-json\/wp\/v2\/users\/1"}],"replies":[{"embeddable":true,"href":"https:\/\/manchovilla.com\/en\/wp-json\/wp\/v2\/comments?post=352"}],"version-history":[{"count":1,"href":"https:\/\/manchovilla.com\/en\/wp-json\/wp\/v2\/pages\/352\/revisions"}],"predecessor-version":[{"id":353,"href":"https:\/\/manchovilla.com\/en\/wp-json\/wp\/v2\/pages\/352\/revisions\/353"}],"wp:attachment":[{"href":"https:\/\/manchovilla.com\/en\/wp-json\/wp\/v2\/media?parent=352"}],"curies":[{"name":"wp","href":"https:\/\/api.w.org\/{rel}","templated":true}]}}